{"id":16670,"date":"2021-01-23T18:10:27","date_gmt":"2021-01-23T21:10:27","guid":{"rendered":"https:\/\/www.idis.org.br\/?page_id=16670"},"modified":"2021-11-05T11:28:58","modified_gmt":"2021-11-05T14:28:58","slug":"knowledge","status":"publish","type":"page","link":"https:\/\/hmg.idis.org.br\/ingles\/knowledge\/","title":{"rendered":"Knowledge"},"content":{"rendered":"<p><img loading=\"lazy\" decoding=\"async\" class=\"wp-image-18399 size-full aligncenter\" src=\"https:\/\/www.idis.org.br\/wp-content\/uploads\/2021\/04\/thumb-lamp.jpg\" alt=\"\" width=\"127\" height=\"140\" \/><\/p>\n<p>The generation and dissemination of knowledge is one of the pillars for achieving our mission. Through publications, technical notes, articles, courses, training and events, we inspire, support and promote private social investment and its impact. Furthermore, we bring international trends to the Brazilian audience by with contents from Charities Aid Foundation and other international thought leaders.<\/p>\n<p>Find our contents in Portuguese at <a href=\"https:\/\/www.idis.org.br\/conhecimento\/\" target=\"_blank\" rel=\"noopener\">idis.org.br\/conhecimento<\/a><\/p>\n\n","protected":false},"excerpt":{"rendered":"<p>The generation and dissemination of knowledge is one of the pillars for achieving our mission. Through publications, technical notes, articles, courses, training and events, we inspire, support and promote private social investment and its impact. Furthermore, we bring international trends &hellip; <a href=\"https:\/\/hmg.idis.org.br\/ingles\/knowledge\/\">Continue lendo <span class=\"meta-nav\">&rarr;<\/span><\/a><\/p>\n","protected":false},"author":1,"featured_media":0,"parent":0,"menu_order":0,"comment_status":"closed","ping_status":"closed","template":"","meta":{"_acf_changed":false,"footnotes":""},"acf":[],"yoast_head":"<!-- This site is optimized with the Yoast SEO plugin v16.8 - https:\/\/yoast.com\/wordpress\/plugins\/seo\/ -->\n<meta name=\"description\" content=\"Adquira e compartilhe conhecimento acessando as not\u00edcias, publica\u00e7\u00f5es, pesquisas e artigos desenvolvidos pelo IDIS para fortalecer o investimento social privado.\" \/>\n<meta name=\"robots\" content=\"index, follow, max-snippet:-1, max-image-preview:large, max-video-preview:-1\" \/>\n<link rel=\"canonical\" href=\"https:\/\/hmg.idis.org.br\/ingles\/knowledge\/\" \/>\n<meta property=\"og:locale\" content=\"pt_BR\" \/>\n<meta property=\"og:type\" content=\"article\" \/>\n<meta property=\"og:title\" content=\"Conhecimento IDIS | Not\u00edcias, Publica\u00e7\u00f5es, Pesquisas, Artigos -\" \/>\n<meta property=\"og:description\" content=\"Adquira e compartilhe conhecimento acessando as not\u00edcias, publica\u00e7\u00f5es, pesquisas e artigos desenvolvidos pelo IDIS para fortalecer o investimento social privado.\" \/>\n<meta property=\"og:url\" content=\"https:\/\/hmg.idis.org.br\/ingles\/knowledge\/\" \/>\n<meta property=\"og:site_name\" content=\"IDIS EN\" \/>\n<meta property=\"article:modified_time\" content=\"2021-11-05T14:28:58+00:00\" \/>\n<meta property=\"og:image\" content=\"https:\/\/www.idis.org.br\/wp-content\/uploads\/2021\/04\/thumb-lamp.jpg\" \/>\n<meta name=\"twitter:card\" content=\"summary_large_image\" \/>\n<meta name=\"twitter:label1\" content=\"Est. tempo de leitura\" \/>\n\t<meta name=\"twitter:data1\" content=\"1 minuto\" \/>\n<script type=\"application\/ld+json\" class=\"yoast-schema-graph\">{\"@context\":\"https:\/\/schema.org\",\"@graph\":[{\"@type\":\"WebSite\",\"@id\":\"https:\/\/hmg.idis.org.br\/ingles\/#website\",\"url\":\"https:\/\/hmg.idis.org.br\/ingles\/\",\"name\":\"IDIS EN\",\"description\":\"\",\"potentialAction\":[{\"@type\":\"SearchAction\",\"target\":{\"@type\":\"EntryPoint\",\"urlTemplate\":\"https:\/\/hmg.idis.org.br\/ingles\/?s={search_term_string}\"},\"query-input\":\"required name=search_term_string\"}],\"inLanguage\":\"pt-BR\"},{\"@type\":\"ImageObject\",\"@id\":\"https:\/\/hmg.idis.org.br\/ingles\/knowledge\/#primaryimage\",\"inLanguage\":\"pt-BR\",\"url\":\"https:\/\/www.idis.org.br\/wp-content\/uploads\/2021\/04\/thumb-lamp.jpg\",\"contentUrl\":\"https:\/\/www.idis.org.br\/wp-content\/uploads\/2021\/04\/thumb-lamp.jpg\"},{\"@type\":\"WebPage\",\"@id\":\"https:\/\/hmg.idis.org.br\/ingles\/knowledge\/#webpage\",\"url\":\"https:\/\/hmg.idis.org.br\/ingles\/knowledge\/\",\"name\":\"Conhecimento IDIS | Not\\u00edcias, Publica\\u00e7\\u00f5es, Pesquisas, Artigos -\",\"isPartOf\":{\"@id\":\"https:\/\/hmg.idis.org.br\/ingles\/#website\"},\"primaryImageOfPage\":{\"@id\":\"https:\/\/hmg.idis.org.br\/ingles\/knowledge\/#primaryimage\"},\"datePublished\":\"2021-01-23T21:10:27+00:00\",\"dateModified\":\"2021-11-05T14:28:58+00:00\",\"description\":\"Adquira e compartilhe conhecimento acessando as not\\u00edcias, publica\\u00e7\\u00f5es, pesquisas e artigos desenvolvidos pelo IDIS para fortalecer o investimento social privado.\",\"breadcrumb\":{\"@id\":\"https:\/\/hmg.idis.org.br\/ingles\/knowledge\/#breadcrumb\"},\"inLanguage\":\"pt-BR\",\"potentialAction\":[{\"@type\":\"ReadAction\",\"target\":[\"https:\/\/hmg.idis.org.br\/ingles\/knowledge\/\"]}]},{\"@type\":\"BreadcrumbList\",\"@id\":\"https:\/\/hmg.idis.org.br\/ingles\/knowledge\/#breadcrumb\",\"itemListElement\":[{\"@type\":\"ListItem\",\"position\":1,\"name\":\"In\\u00edcio\",\"item\":\"https:\/\/hmg.idis.org.br\/ingles\/\"},{\"@type\":\"ListItem\",\"position\":2,\"name\":\"Knowledge\"}]}]}<\/script>\n<!-- \/ Yoast SEO plugin. -->","yoast_head_json":{"description":"Adquira e compartilhe conhecimento acessando as not\u00edcias, publica\u00e7\u00f5es, pesquisas e artigos desenvolvidos pelo IDIS para fortalecer o investimento social privado.","robots":{"index":"index","follow":"follow","max-snippet":"max-snippet:-1","max-image-preview":"max-image-preview:large","max-video-preview":"max-video-preview:-1"},"canonical":"https:\/\/hmg.idis.org.br\/ingles\/knowledge\/","og_locale":"pt_BR","og_type":"article","og_title":"Conhecimento IDIS | Not\u00edcias, Publica\u00e7\u00f5es, Pesquisas, Artigos -","og_description":"Adquira e compartilhe conhecimento acessando as not\u00edcias, publica\u00e7\u00f5es, pesquisas e artigos desenvolvidos pelo IDIS para fortalecer o investimento social privado.","og_url":"https:\/\/hmg.idis.org.br\/ingles\/knowledge\/","og_site_name":"IDIS EN","article_modified_time":"2021-11-05T14:28:58+00:00","og_image":[{"url":"https:\/\/www.idis.org.br\/wp-content\/uploads\/2021\/04\/thumb-lamp.jpg"}],"twitter_card":"summary_large_image","twitter_misc":{"Est. tempo de leitura":"1 minuto"},"schema":{"@context":"https:\/\/schema.org","@graph":[{"@type":"WebSite","@id":"https:\/\/hmg.idis.org.br\/ingles\/#website","url":"https:\/\/hmg.idis.org.br\/ingles\/","name":"IDIS EN","description":"","potentialAction":[{"@type":"SearchAction","target":{"@type":"EntryPoint","urlTemplate":"https:\/\/hmg.idis.org.br\/ingles\/?s={search_term_string}"},"query-input":"required name=search_term_string"}],"inLanguage":"pt-BR"},{"@type":"ImageObject","@id":"https:\/\/hmg.idis.org.br\/ingles\/knowledge\/#primaryimage","inLanguage":"pt-BR","url":"https:\/\/www.idis.org.br\/wp-content\/uploads\/2021\/04\/thumb-lamp.jpg","contentUrl":"https:\/\/www.idis.org.br\/wp-content\/uploads\/2021\/04\/thumb-lamp.jpg"},{"@type":"WebPage","@id":"https:\/\/hmg.idis.org.br\/ingles\/knowledge\/#webpage","url":"https:\/\/hmg.idis.org.br\/ingles\/knowledge\/","name":"Conhecimento IDIS | Not\u00edcias, Publica\u00e7\u00f5es, Pesquisas, Artigos -","isPartOf":{"@id":"https:\/\/hmg.idis.org.br\/ingles\/#website"},"primaryImageOfPage":{"@id":"https:\/\/hmg.idis.org.br\/ingles\/knowledge\/#primaryimage"},"datePublished":"2021-01-23T21:10:27+00:00","dateModified":"2021-11-05T14:28:58+00:00","description":"Adquira e compartilhe conhecimento acessando as not\u00edcias, publica\u00e7\u00f5es, pesquisas e artigos desenvolvidos pelo IDIS para fortalecer o investimento social privado.","breadcrumb":{"@id":"https:\/\/hmg.idis.org.br\/ingles\/knowledge\/#breadcrumb"},"inLanguage":"pt-BR","potentialAction":[{"@type":"ReadAction","target":["https:\/\/hmg.idis.org.br\/ingles\/knowledge\/"]}]},{"@type":"BreadcrumbList","@id":"https:\/\/hmg.idis.org.br\/ingles\/knowledge\/#breadcrumb","itemListElement":[{"@type":"ListItem","position":1,"name":"In\u00edcio","item":"https:\/\/hmg.idis.org.br\/ingles\/"},{"@type":"ListItem","position":2,"name":"Knowledge"}]}]}},"wps_subtitle":"","_links":{"self":[{"href":"https:\/\/hmg.idis.org.br\/ingles\/wp-json\/wp\/v2\/pages\/16670"}],"collection":[{"href":"https:\/\/hmg.idis.org.br\/ingles\/wp-json\/wp\/v2\/pages"}],"about":[{"href":"https:\/\/hmg.idis.org.br\/ingles\/wp-json\/wp\/v2\/types\/page"}],"author":[{"embeddable":true,"href":"https:\/\/hmg.idis.org.br\/ingles\/wp-json\/wp\/v2\/users\/1"}],"replies":[{"embeddable":true,"href":"https:\/\/hmg.idis.org.br\/ingles\/wp-json\/wp\/v2\/comments?post=16670"}],"version-history":[{"count":4,"href":"https:\/\/hmg.idis.org.br\/ingles\/wp-json\/wp\/v2\/pages\/16670\/revisions"}],"predecessor-version":[{"id":21388,"href":"https:\/\/hmg.idis.org.br\/ingles\/wp-json\/wp\/v2\/pages\/16670\/revisions\/21388"}],"wp:attachment":[{"href":"https:\/\/hmg.idis.org.br\/ingles\/wp-json\/wp\/v2\/media?parent=16670"}],"curies":[{"name":"wp","href":"https:\/\/api.w.org\/{rel}","templated":true}]}}