{"id":16803,"date":"2021-03-04T20:12:49","date_gmt":"2021-03-04T23:12:49","guid":{"rendered":"https:\/\/www.idis.org.br\/?page_id=16803"},"modified":"2021-11-05T07:50:41","modified_gmt":"2021-11-05T10:50:41","slug":"for-families","status":"publish","type":"page","link":"https:\/\/hmg.idis.org.br\/ingles\/advisory\/for-families\/","title":{"rendered":"For Families"},"content":{"rendered":"<p>It is our understanding that family philanthropy encompasses social investments carried out by donor families or those that founded an institute or foundation. Aware of their roles as citizens and that they can contribute to the reduction of inequalities, families have been commiting themselves more and more, showing they are willing to apply their resources in a strategic way in this area, going beyond isolated or charity actions. <\/p>\n<p>When there is  philanthropy planning for a family, there is a guarantee that the resources will be well employed, in an efficient and effective way, benefiting the target audience, increasing the positive impacts of the donation and contributing to social transformation. It is also possible for the family to control and monitor the results of the investment, as they do with financial investments. And, conditions are created so that there is continuity in the family\u2019s wish to donate, because in this process of investment structuring, they have the opportunity of strengthening relations among themselves and preserving their values. Furthermore, they develop a family legacy of social responsibility. <\/p>\n<p>Given the various causes and possibilities of intervening, the family may benefit from professional support in this process. In the same way that specialists advise them in their financial investment decisions, guidance in their social investment decisions can make the process easier and ensure greater social returns and the possibility of transformation. Since its founding, IDIS works with families. The Andr\u00e9 and L\u00facia Maggi Foundation, the Jos\u00e9 Luiz Egydio Set\u00fabal Foundation, the Maria Cec\u00edlia Souto Vidigal Foundation and the Ayrton Senna Institute are some examples of this experience. <\/p>\n<p>For this public, in addition to customizing all services we offer, we have developed special products, focused on different profiles: <\/p>\n<p><strong>IDIS Experience<\/strong>: conceived for families that haven\u2019t yet made a social investment, but would like to. In a short period of time, they can have a full philanthropic experience, starting with a diagnosis about that family\u2019s calling, how they can act and the identification of a social project in which they can invest. <\/p>\n<p><strong>IDIS Strategy<\/strong>: thought out for families that are already engaged in some kind of philanthropy, but would like to do it in a more strategic and transforming way. In this process, a plan of action is developed from a diagnosis of the family\u2019s profile, in addition to indications of organizations with the potential for stablishing partnerships and a social project portfolio of what can be backed by the family. <\/p>\n<p><strong>IDIS Endowment<\/strong>: meant for families that are in a more mature stage of strategic philanthropy and worry about the legacy they will leave in favor of the chosen cause or causes. IDIS supports the structuring of an endowment that assures permanent resources. A study is carried out to identify the format that will better cater to the institutors\u2019 wishes and then the management, governance, and investment and withdrawal policies are conceived. <\/p>\n<p>Learn more about our services and see case examples of what we have implemented. <\/p>\n<p>Want to know more about advisory and the services that are offered by IDIS? Contact us at  <a href=\"mailto:comunicacao@idis.org.br\">comunicacao@idis.org.br<\/a><\/p>\n","protected":false},"excerpt":{"rendered":"<p>It is our understanding that family philanthropy encompasses social investments carried out by donor families or those that founded an institute or foundation. Aware of their roles as citizens and that they can contribute to the reduction of inequalities, families &hellip; <a href=\"https:\/\/hmg.idis.org.br\/ingles\/advisory\/for-families\/\">Continue lendo <span class=\"meta-nav\">&rarr;<\/span><\/a><\/p>\n","protected":false},"author":1,"featured_media":21277,"parent":16666,"menu_order":0,"comment_status":"closed","ping_status":"closed","template":"page-testa.php","meta":{"_acf_changed":false,"footnotes":""},"acf":[],"yoast_head":"<!-- This site is optimized with the Yoast SEO plugin v16.8 - https:\/\/yoast.com\/wordpress\/plugins\/seo\/ -->\n<meta name=\"robots\" content=\"index, follow, max-snippet:-1, max-image-preview:large, max-video-preview:-1\" \/>\n<link rel=\"canonical\" href=\"https:\/\/hmg.idis.org.br\/ingles\/advisory\/for-families\/\" \/>\n<meta property=\"og:locale\" content=\"pt_BR\" \/>\n<meta property=\"og:type\" content=\"article\" \/>\n<meta property=\"og:title\" content=\"For Families - IDIS EN\" \/>\n<meta property=\"og:description\" content=\"It is our understanding that family philanthropy encompasses social investments carried out by donor families or those that founded an institute or foundation. Aware of their roles as citizens and that they can contribute to the reduction of inequalities, families &hellip; Continue lendo &rarr;\" \/>\n<meta property=\"og:url\" content=\"https:\/\/hmg.idis.org.br\/ingles\/advisory\/for-families\/\" \/>\n<meta property=\"og:site_name\" content=\"IDIS EN\" \/>\n<meta property=\"article:modified_time\" content=\"2021-11-05T10:50:41+00:00\" \/>\n<meta property=\"og:image\" content=\"https:\/\/hmg.idis.org.br\/ingles\/wp-content\/uploads\/sites\/4\/2021\/11\/Familias_2.jpg\" \/>\n\t<meta property=\"og:image:width\" content=\"1420\" \/>\n\t<meta property=\"og:image:height\" content=\"480\" \/>\n<meta name=\"twitter:card\" content=\"summary_large_image\" \/>\n<meta name=\"twitter:label1\" content=\"Est. tempo de leitura\" \/>\n\t<meta name=\"twitter:data1\" content=\"3 minutos\" \/>\n<script type=\"application\/ld+json\" class=\"yoast-schema-graph\">{\"@context\":\"https:\/\/schema.org\",\"@graph\":[{\"@type\":\"WebSite\",\"@id\":\"https:\/\/hmg.idis.org.br\/ingles\/#website\",\"url\":\"https:\/\/hmg.idis.org.br\/ingles\/\",\"name\":\"IDIS EN\",\"description\":\"\",\"potentialAction\":[{\"@type\":\"SearchAction\",\"target\":{\"@type\":\"EntryPoint\",\"urlTemplate\":\"https:\/\/hmg.idis.org.br\/ingles\/?s={search_term_string}\"},\"query-input\":\"required name=search_term_string\"}],\"inLanguage\":\"pt-BR\"},{\"@type\":\"ImageObject\",\"@id\":\"https:\/\/hmg.idis.org.br\/ingles\/advisory\/for-families\/#primaryimage\",\"inLanguage\":\"pt-BR\",\"url\":\"https:\/\/hmg.idis.org.br\/ingles\/wp-content\/uploads\/sites\/4\/2021\/11\/Familias_2.jpg\",\"contentUrl\":\"https:\/\/hmg.idis.org.br\/ingles\/wp-content\/uploads\/sites\/4\/2021\/11\/Familias_2.jpg\",\"width\":1420,\"height\":480},{\"@type\":\"WebPage\",\"@id\":\"https:\/\/hmg.idis.org.br\/ingles\/advisory\/for-families\/#webpage\",\"url\":\"https:\/\/hmg.idis.org.br\/ingles\/advisory\/for-families\/\",\"name\":\"For Families - IDIS EN\",\"isPartOf\":{\"@id\":\"https:\/\/hmg.idis.org.br\/ingles\/#website\"},\"primaryImageOfPage\":{\"@id\":\"https:\/\/hmg.idis.org.br\/ingles\/advisory\/for-families\/#primaryimage\"},\"datePublished\":\"2021-03-04T23:12:49+00:00\",\"dateModified\":\"2021-11-05T10:50:41+00:00\",\"breadcrumb\":{\"@id\":\"https:\/\/hmg.idis.org.br\/ingles\/advisory\/for-families\/#breadcrumb\"},\"inLanguage\":\"pt-BR\",\"potentialAction\":[{\"@type\":\"ReadAction\",\"target\":[\"https:\/\/hmg.idis.org.br\/ingles\/advisory\/for-families\/\"]}]},{\"@type\":\"BreadcrumbList\",\"@id\":\"https:\/\/hmg.idis.org.br\/ingles\/advisory\/for-families\/#breadcrumb\",\"itemListElement\":[{\"@type\":\"ListItem\",\"position\":1,\"name\":\"In\\u00edcio\",\"item\":\"https:\/\/hmg.idis.org.br\/ingles\/\"},{\"@type\":\"ListItem\",\"position\":2,\"name\":\"Advisory\",\"item\":\"https:\/\/hmg.idis.org.br\/ingles\/advisory\/\"},{\"@type\":\"ListItem\",\"position\":3,\"name\":\"For Families\"}]}]}<\/script>\n<!-- \/ Yoast SEO plugin. -->","yoast_head_json":{"robots":{"index":"index","follow":"follow","max-snippet":"max-snippet:-1","max-image-preview":"max-image-preview:large","max-video-preview":"max-video-preview:-1"},"canonical":"https:\/\/hmg.idis.org.br\/ingles\/advisory\/for-families\/","og_locale":"pt_BR","og_type":"article","og_title":"For Families - IDIS EN","og_description":"It is our understanding that family philanthropy encompasses social investments carried out by donor families or those that founded an institute or foundation. Aware of their roles as citizens and that they can contribute to the reduction of inequalities, families &hellip; Continue lendo &rarr;","og_url":"https:\/\/hmg.idis.org.br\/ingles\/advisory\/for-families\/","og_site_name":"IDIS EN","article_modified_time":"2021-11-05T10:50:41+00:00","og_image":[{"width":1420,"height":480,"url":"https:\/\/hmg.idis.org.br\/ingles\/wp-content\/uploads\/sites\/4\/2021\/11\/Familias_2.jpg","path":"\/var\/www\/hmg.idis.org.br\/wp-content\/uploads\/sites\/4\/2021\/11\/Familias_2.jpg","size":"full","id":21277,"alt":"","pixels":681600,"type":"image\/jpeg"}],"twitter_card":"summary_large_image","twitter_misc":{"Est. tempo de leitura":"3 minutos"},"schema":{"@context":"https:\/\/schema.org","@graph":[{"@type":"WebSite","@id":"https:\/\/hmg.idis.org.br\/ingles\/#website","url":"https:\/\/hmg.idis.org.br\/ingles\/","name":"IDIS EN","description":"","potentialAction":[{"@type":"SearchAction","target":{"@type":"EntryPoint","urlTemplate":"https:\/\/hmg.idis.org.br\/ingles\/?s={search_term_string}"},"query-input":"required name=search_term_string"}],"inLanguage":"pt-BR"},{"@type":"ImageObject","@id":"https:\/\/hmg.idis.org.br\/ingles\/advisory\/for-families\/#primaryimage","inLanguage":"pt-BR","url":"https:\/\/hmg.idis.org.br\/ingles\/wp-content\/uploads\/sites\/4\/2021\/11\/Familias_2.jpg","contentUrl":"https:\/\/hmg.idis.org.br\/ingles\/wp-content\/uploads\/sites\/4\/2021\/11\/Familias_2.jpg","width":1420,"height":480},{"@type":"WebPage","@id":"https:\/\/hmg.idis.org.br\/ingles\/advisory\/for-families\/#webpage","url":"https:\/\/hmg.idis.org.br\/ingles\/advisory\/for-families\/","name":"For Families - IDIS EN","isPartOf":{"@id":"https:\/\/hmg.idis.org.br\/ingles\/#website"},"primaryImageOfPage":{"@id":"https:\/\/hmg.idis.org.br\/ingles\/advisory\/for-families\/#primaryimage"},"datePublished":"2021-03-04T23:12:49+00:00","dateModified":"2021-11-05T10:50:41+00:00","breadcrumb":{"@id":"https:\/\/hmg.idis.org.br\/ingles\/advisory\/for-families\/#breadcrumb"},"inLanguage":"pt-BR","potentialAction":[{"@type":"ReadAction","target":["https:\/\/hmg.idis.org.br\/ingles\/advisory\/for-families\/"]}]},{"@type":"BreadcrumbList","@id":"https:\/\/hmg.idis.org.br\/ingles\/advisory\/for-families\/#breadcrumb","itemListElement":[{"@type":"ListItem","position":1,"name":"In\u00edcio","item":"https:\/\/hmg.idis.org.br\/ingles\/"},{"@type":"ListItem","position":2,"name":"Advisory","item":"https:\/\/hmg.idis.org.br\/ingles\/advisory\/"},{"@type":"ListItem","position":3,"name":"For Families"}]}]}},"wps_subtitle":"","_links":{"self":[{"href":"https:\/\/hmg.idis.org.br\/ingles\/wp-json\/wp\/v2\/pages\/16803"}],"collection":[{"href":"https:\/\/hmg.idis.org.br\/ingles\/wp-json\/wp\/v2\/pages"}],"about":[{"href":"https:\/\/hmg.idis.org.br\/ingles\/wp-json\/wp\/v2\/types\/page"}],"author":[{"embeddable":true,"href":"https:\/\/hmg.idis.org.br\/ingles\/wp-json\/wp\/v2\/users\/1"}],"replies":[{"embeddable":true,"href":"https:\/\/hmg.idis.org.br\/ingles\/wp-json\/wp\/v2\/comments?post=16803"}],"version-history":[{"count":3,"href":"https:\/\/hmg.idis.org.br\/ingles\/wp-json\/wp\/v2\/pages\/16803\/revisions"}],"predecessor-version":[{"id":21068,"href":"https:\/\/hmg.idis.org.br\/ingles\/wp-json\/wp\/v2\/pages\/16803\/revisions\/21068"}],"up":[{"embeddable":true,"href":"https:\/\/hmg.idis.org.br\/ingles\/wp-json\/wp\/v2\/pages\/16666"}],"wp:featuredmedia":[{"embeddable":true,"href":"https:\/\/hmg.idis.org.br\/ingles\/wp-json\/wp\/v2\/media\/21277"}],"wp:attachment":[{"href":"https:\/\/hmg.idis.org.br\/ingles\/wp-json\/wp\/v2\/media?parent=16803"}],"curies":[{"name":"wp","href":"https:\/\/api.w.org\/{rel}","templated":true}]}}