{"id":17690,"date":"2021-03-19T14:44:49","date_gmt":"2021-03-19T17:44:49","guid":{"rendered":"https:\/\/www.idis.org.br\/?page_id=17690"},"modified":"2021-11-05T11:10:59","modified_gmt":"2021-11-05T14:10:59","slug":"transforming-territories","status":"publish","type":"page","link":"https:\/\/hmg.idis.org.br\/ingles\/social-impact-projects\/transforming-territories\/","title":{"rendered":"Transforming Territories"},"content":{"rendered":"<p>The Transforming Territories Program is an IDIS initiative, in partnership with the Charles Stewart Mott Foundation, for promoting the creation and strengthening of community institutes and foundations in Brazil.<\/p>\n<h2 style=\"text-align: center;\"><span style=\"color: #ec663b;\">What are community institutes and foundations? <\/span><\/h2>\n<p>Community institutes and foundations are civil society organizations that seek to improve the quality of life of populations in specific geographic regions, through training, management and distribution of resources to nonprofitable organizations and to social initiatives. With the development of capabilities and the valorization of local assets, these organizations produce knowledge and act in networks with the government and civil society in favor of territory development.<\/p>\n<p><iframe loading=\"lazy\" title=\"Transforming Territories\" width=\"584\" height=\"329\" src=\"https:\/\/www.youtube.com\/embed\/uW86oVSnqyQ?feature=oembed\" frameborder=\"0\" allow=\"accelerometer; autoplay; clipboard-write; encrypted-media; gyroscope; picture-in-picture; web-share\" referrerpolicy=\"strict-origin-when-cross-origin\" allowfullscreen><\/iframe><\/p>\n<p>The COVID-19 pandemic and its impacts on vulnerable populations in the country has made it evident that local organizations are capable of mapping needs, thinking up solutions, spreading information, distributing food and even providing health care in their territories.<\/p>\n<p>This belief is a part of the scope of IDIS since its founding in 1999. Experiences and knowledge that were acquired throughout two decades or works, in addition to the global context, which is characterized by the growing recognition of communities and collectives as key elements in the promotion of a planet that is more sustainable, led to a partnership between IDIS and the Charles Stewart Mott Foundation for the development of Community Foundations and Institutes in Brazil.<\/p>\n<p>The first stage, carried out between 2018 and 2019, sought to understand the profile of organizations and informal initiatives in the state of S\u00e3o Paulo that searched for solutions for social problems through commitment and direct involvement of local communities. The second stage, which began in 2020, consists in the mapping and implementation in Brazil of Transforming Territories \u2013 a program to foster the development of Community Institutes and Foundations.<\/p>\n<p>The initiatives operates in two fronts: one focused on sensitizing and making donors commit to the cause and another for the promotion of creating and developing Community Foundations and Institutes.<\/p>\n<p>Check out the model for action:<\/p>\n<p><img loading=\"lazy\" decoding=\"async\" class=\"alignnone size-medium wp-image-19525\" src=\"https:\/\/www.idis.org.br\/wp-content\/uploads\/2021\/06\/Modelo_FICs-1-800x389.png\" alt=\"\" width=\"800\" height=\"389\" \/><\/p>\n<p>&nbsp;<\/p>\n<p>Check out the organizations that are already a part of the program:<\/p>\n<p><img loading=\"lazy\" decoding=\"async\" class=\"size-medium wp-image-19519 aligncenter\" src=\"https:\/\/www.idis.org.br\/wp-content\/uploads\/2021\/06\/Mapa-das-FICs-800x498.png\" alt=\"\" width=\"800\" height=\"498\" \/><\/p>\n<p>IDIS believes that the consolidation of this model and the increasing emergence of success cases throughout the country can open new fronts for fundraising, expand territory potentialities, encourage the emergence of new community leaders, and contribute to the encouragement of the giving culture.<\/p>\n<p>Want to be a part of this project? Contact us at <span style=\"color: #ec663b;\"><a style=\"color: #ec663b;\" href=\"mailto:territorios@idis.org.br\">territorios@idis.org.br<\/a><\/span><\/p>\n<p>&nbsp;<\/p>\n<h3>QUEM SOMOS<\/h3>\n<p><img loading=\"lazy\" decoding=\"async\" class=\"wp-image-21382 size-full alignleft\" src=\"https:\/\/hmg.idis.org.br\/ingles\/wp-content\/uploads\/sites\/4\/2021\/11\/IDIS_Horizontal_Positiva_ENG-e1636121432904.png\" alt=\"\" width=\"320\" height=\"171\" \/><\/p>\n<p>O IDIS \u2013 Instituto para o Desenvolvimento do Investimento Social \u00e9 uma organiza\u00e7\u00e3o da sociedade civil, sem fins lucrativos, fundada em 1999, cuja miss\u00e3o \u00e9 inspirar, apoiar e ampliar o investimento social privado e seu impacto, a partir do trabalho junto a indiv\u00edduos, fam\u00edlias, empresas, funda\u00e7\u00f5es e institutos corporativos e familiares, assim como organiza\u00e7\u00f5es da sociedade civil em a\u00e7\u00f5es que transformam realidades e contribuem para a redu\u00e7\u00e3o das desigualdades sociais no pa\u00eds.<\/p>\n<p><img loading=\"lazy\" decoding=\"async\" class=\"wp-image-19490 size-full alignleft\" src=\"https:\/\/www.idis.org.br\/wp-content\/uploads\/2021\/06\/LogoMOTT_1-e1623933706717.jpg\" alt=\"\" width=\"350\" height=\"197\" \/><\/p>\n<p>The Charles Stewart Mott Foundation is a North-American grantmaker organization, with headquarters in Flint, Michigan. It was founded in 1926 by Charles Stewart Mott, former director and shareholder of General Motors Corporation. Over US$3.2 billion in assets have been allocated to the development of projects with focus on 4 acting areas: Civil Society, education, environment and the Flint community. Mott has supported organizations in over 62 countries and in 2019, distributed US$ 133 million in grants.<\/p>\n","protected":false},"excerpt":{"rendered":"<p>The Transforming Territories Program is an IDIS initiative, in partnership with the Charles Stewart Mott Foundation, for promoting the creation and strengthening of community institutes and foundations in Brazil. What are community institutes and foundations? Community institutes and foundations are &hellip; <a href=\"https:\/\/hmg.idis.org.br\/ingles\/social-impact-projects\/transforming-territories\/\">Continue lendo <span class=\"meta-nav\">&rarr;<\/span><\/a><\/p>\n","protected":false},"author":1,"featured_media":21381,"parent":16668,"menu_order":0,"comment_status":"closed","ping_status":"closed","template":"page-modelo-projetos.php","meta":{"_acf_changed":false,"footnotes":""},"acf":[],"yoast_head":"<!-- This site is optimized with the Yoast SEO plugin v16.8 - https:\/\/yoast.com\/wordpress\/plugins\/seo\/ -->\n<meta name=\"description\" content=\"Participe e apoie o Transformando Territ\u00f3rios para fomentar a cria\u00e7\u00e3o e fortalecimento de Institutos e Funda\u00e7\u00f5es Comunit\u00e1rias no Brasil.\" \/>\n<meta name=\"robots\" content=\"index, follow, max-snippet:-1, max-image-preview:large, max-video-preview:-1\" \/>\n<link rel=\"canonical\" href=\"https:\/\/hmg.idis.org.br\/ingles\/social-impact-projects\/transforming-territories\/\" \/>\n<meta property=\"og:locale\" content=\"pt_BR\" \/>\n<meta property=\"og:type\" content=\"article\" \/>\n<meta property=\"og:title\" content=\"Programa de Desenvolvimento de Institutos e Funda\u00e7\u00f5es Comunit\u00e1rias -\" \/>\n<meta property=\"og:description\" content=\"Participe e apoie o Transformando Territ\u00f3rios para fomentar a cria\u00e7\u00e3o e fortalecimento de Institutos e Funda\u00e7\u00f5es Comunit\u00e1rias no Brasil.\" \/>\n<meta property=\"og:url\" content=\"https:\/\/hmg.idis.org.br\/ingles\/social-impact-projects\/transforming-territories\/\" \/>\n<meta property=\"og:site_name\" content=\"IDIS EN\" \/>\n<meta property=\"article:modified_time\" content=\"2021-11-05T14:10:59+00:00\" \/>\n<meta property=\"og:image\" content=\"https:\/\/hmg.idis.org.br\/ingles\/wp-content\/uploads\/sites\/4\/2021\/11\/Transformingterritories.png\" \/>\n\t<meta property=\"og:image:width\" content=\"940\" \/>\n\t<meta property=\"og:image:height\" content=\"480\" \/>\n<meta name=\"twitter:card\" content=\"summary_large_image\" \/>\n<meta name=\"twitter:label1\" content=\"Est. tempo de leitura\" \/>\n\t<meta name=\"twitter:data1\" content=\"4 minutos\" \/>\n<script type=\"application\/ld+json\" class=\"yoast-schema-graph\">{\"@context\":\"https:\/\/schema.org\",\"@graph\":[{\"@type\":\"WebSite\",\"@id\":\"https:\/\/hmg.idis.org.br\/ingles\/#website\",\"url\":\"https:\/\/hmg.idis.org.br\/ingles\/\",\"name\":\"IDIS EN\",\"description\":\"\",\"potentialAction\":[{\"@type\":\"SearchAction\",\"target\":{\"@type\":\"EntryPoint\",\"urlTemplate\":\"https:\/\/hmg.idis.org.br\/ingles\/?s={search_term_string}\"},\"query-input\":\"required name=search_term_string\"}],\"inLanguage\":\"pt-BR\"},{\"@type\":\"ImageObject\",\"@id\":\"https:\/\/hmg.idis.org.br\/ingles\/social-impact-projects\/transforming-territories\/#primaryimage\",\"inLanguage\":\"pt-BR\",\"url\":\"https:\/\/hmg.idis.org.br\/ingles\/wp-content\/uploads\/sites\/4\/2021\/11\/Transformingterritories.png\",\"contentUrl\":\"https:\/\/hmg.idis.org.br\/ingles\/wp-content\/uploads\/sites\/4\/2021\/11\/Transformingterritories.png\",\"width\":940,\"height\":480},{\"@type\":\"WebPage\",\"@id\":\"https:\/\/hmg.idis.org.br\/ingles\/social-impact-projects\/transforming-territories\/#webpage\",\"url\":\"https:\/\/hmg.idis.org.br\/ingles\/social-impact-projects\/transforming-territories\/\",\"name\":\"Programa de Desenvolvimento de Institutos e Funda\\u00e7\\u00f5es Comunit\\u00e1rias -\",\"isPartOf\":{\"@id\":\"https:\/\/hmg.idis.org.br\/ingles\/#website\"},\"primaryImageOfPage\":{\"@id\":\"https:\/\/hmg.idis.org.br\/ingles\/social-impact-projects\/transforming-territories\/#primaryimage\"},\"datePublished\":\"2021-03-19T17:44:49+00:00\",\"dateModified\":\"2021-11-05T14:10:59+00:00\",\"description\":\"Participe e apoie o Transformando Territ\\u00f3rios para fomentar a cria\\u00e7\\u00e3o e fortalecimento de Institutos e Funda\\u00e7\\u00f5es Comunit\\u00e1rias no Brasil.\",\"breadcrumb\":{\"@id\":\"https:\/\/hmg.idis.org.br\/ingles\/social-impact-projects\/transforming-territories\/#breadcrumb\"},\"inLanguage\":\"pt-BR\",\"potentialAction\":[{\"@type\":\"ReadAction\",\"target\":[\"https:\/\/hmg.idis.org.br\/ingles\/social-impact-projects\/transforming-territories\/\"]}]},{\"@type\":\"BreadcrumbList\",\"@id\":\"https:\/\/hmg.idis.org.br\/ingles\/social-impact-projects\/transforming-territories\/#breadcrumb\",\"itemListElement\":[{\"@type\":\"ListItem\",\"position\":1,\"name\":\"In\\u00edcio\",\"item\":\"https:\/\/hmg.idis.org.br\/ingles\/\"},{\"@type\":\"ListItem\",\"position\":2,\"name\":\"Social Impact Projects\",\"item\":\"https:\/\/hmg.idis.org.br\/ingles\/social-impact-projects\/\"},{\"@type\":\"ListItem\",\"position\":3,\"name\":\"Transforming Territories\"}]}]}<\/script>\n<!-- \/ Yoast SEO plugin. -->","yoast_head_json":{"description":"Participe e apoie o Transformando Territ\u00f3rios para fomentar a cria\u00e7\u00e3o e fortalecimento de Institutos e Funda\u00e7\u00f5es Comunit\u00e1rias no Brasil.","robots":{"index":"index","follow":"follow","max-snippet":"max-snippet:-1","max-image-preview":"max-image-preview:large","max-video-preview":"max-video-preview:-1"},"canonical":"https:\/\/hmg.idis.org.br\/ingles\/social-impact-projects\/transforming-territories\/","og_locale":"pt_BR","og_type":"article","og_title":"Programa de Desenvolvimento de Institutos e Funda\u00e7\u00f5es Comunit\u00e1rias -","og_description":"Participe e apoie o Transformando Territ\u00f3rios para fomentar a cria\u00e7\u00e3o e fortalecimento de Institutos e Funda\u00e7\u00f5es Comunit\u00e1rias no Brasil.","og_url":"https:\/\/hmg.idis.org.br\/ingles\/social-impact-projects\/transforming-territories\/","og_site_name":"IDIS EN","article_modified_time":"2021-11-05T14:10:59+00:00","og_image":[{"width":940,"height":480,"url":"https:\/\/hmg.idis.org.br\/ingles\/wp-content\/uploads\/sites\/4\/2021\/11\/Transformingterritories.png","path":"\/var\/www\/hmg.idis.org.br\/wp-content\/uploads\/sites\/4\/2021\/11\/Transformingterritories.png","size":"full","id":21381,"alt":"","pixels":451200,"type":"image\/png"}],"twitter_card":"summary_large_image","twitter_misc":{"Est. tempo de leitura":"4 minutos"},"schema":{"@context":"https:\/\/schema.org","@graph":[{"@type":"WebSite","@id":"https:\/\/hmg.idis.org.br\/ingles\/#website","url":"https:\/\/hmg.idis.org.br\/ingles\/","name":"IDIS EN","description":"","potentialAction":[{"@type":"SearchAction","target":{"@type":"EntryPoint","urlTemplate":"https:\/\/hmg.idis.org.br\/ingles\/?s={search_term_string}"},"query-input":"required name=search_term_string"}],"inLanguage":"pt-BR"},{"@type":"ImageObject","@id":"https:\/\/hmg.idis.org.br\/ingles\/social-impact-projects\/transforming-territories\/#primaryimage","inLanguage":"pt-BR","url":"https:\/\/hmg.idis.org.br\/ingles\/wp-content\/uploads\/sites\/4\/2021\/11\/Transformingterritories.png","contentUrl":"https:\/\/hmg.idis.org.br\/ingles\/wp-content\/uploads\/sites\/4\/2021\/11\/Transformingterritories.png","width":940,"height":480},{"@type":"WebPage","@id":"https:\/\/hmg.idis.org.br\/ingles\/social-impact-projects\/transforming-territories\/#webpage","url":"https:\/\/hmg.idis.org.br\/ingles\/social-impact-projects\/transforming-territories\/","name":"Programa de Desenvolvimento de Institutos e Funda\u00e7\u00f5es Comunit\u00e1rias -","isPartOf":{"@id":"https:\/\/hmg.idis.org.br\/ingles\/#website"},"primaryImageOfPage":{"@id":"https:\/\/hmg.idis.org.br\/ingles\/social-impact-projects\/transforming-territories\/#primaryimage"},"datePublished":"2021-03-19T17:44:49+00:00","dateModified":"2021-11-05T14:10:59+00:00","description":"Participe e apoie o Transformando Territ\u00f3rios para fomentar a cria\u00e7\u00e3o e fortalecimento de Institutos e Funda\u00e7\u00f5es Comunit\u00e1rias no Brasil.","breadcrumb":{"@id":"https:\/\/hmg.idis.org.br\/ingles\/social-impact-projects\/transforming-territories\/#breadcrumb"},"inLanguage":"pt-BR","potentialAction":[{"@type":"ReadAction","target":["https:\/\/hmg.idis.org.br\/ingles\/social-impact-projects\/transforming-territories\/"]}]},{"@type":"BreadcrumbList","@id":"https:\/\/hmg.idis.org.br\/ingles\/social-impact-projects\/transforming-territories\/#breadcrumb","itemListElement":[{"@type":"ListItem","position":1,"name":"In\u00edcio","item":"https:\/\/hmg.idis.org.br\/ingles\/"},{"@type":"ListItem","position":2,"name":"Social Impact Projects","item":"https:\/\/hmg.idis.org.br\/ingles\/social-impact-projects\/"},{"@type":"ListItem","position":3,"name":"Transforming Territories"}]}]}},"wps_subtitle":"","_links":{"self":[{"href":"https:\/\/hmg.idis.org.br\/ingles\/wp-json\/wp\/v2\/pages\/17690"}],"collection":[{"href":"https:\/\/hmg.idis.org.br\/ingles\/wp-json\/wp\/v2\/pages"}],"about":[{"href":"https:\/\/hmg.idis.org.br\/ingles\/wp-json\/wp\/v2\/types\/page"}],"author":[{"embeddable":true,"href":"https:\/\/hmg.idis.org.br\/ingles\/wp-json\/wp\/v2\/users\/1"}],"replies":[{"embeddable":true,"href":"https:\/\/hmg.idis.org.br\/ingles\/wp-json\/wp\/v2\/comments?post=17690"}],"version-history":[{"count":8,"href":"https:\/\/hmg.idis.org.br\/ingles\/wp-json\/wp\/v2\/pages\/17690\/revisions"}],"predecessor-version":[{"id":21384,"href":"https:\/\/hmg.idis.org.br\/ingles\/wp-json\/wp\/v2\/pages\/17690\/revisions\/21384"}],"up":[{"embeddable":true,"href":"https:\/\/hmg.idis.org.br\/ingles\/wp-json\/wp\/v2\/pages\/16668"}],"wp:featuredmedia":[{"embeddable":true,"href":"https:\/\/hmg.idis.org.br\/ingles\/wp-json\/wp\/v2\/media\/21381"}],"wp:attachment":[{"href":"https:\/\/hmg.idis.org.br\/ingles\/wp-json\/wp\/v2\/media?parent=17690"}],"curies":[{"name":"wp","href":"https:\/\/api.w.org\/{rel}","templated":true}]}}